{"id":500,"date":"2023-01-20T12:50:44","date_gmt":"2023-01-20T11:50:44","guid":{"rendered":"https:\/\/societegenerale.promovetm.com\/?page_id=500"},"modified":"2024-01-06T16:28:11","modified_gmt":"2024-01-06T15:28:11","slug":"leadership-check","status":"publish","type":"page","link":"https:\/\/societegenerale.promovetm.com\/en\/leadership-check\/","title":{"rendered":"Leadership Check"},"content":{"rendered":"\n<p>Der Leadership Check ist ein individualisiertes 360\u00b0 Feedforward f\u00fcr F\u00fchrungskr\u00e4fte. Im Unterschied zum klassischen Feedback wird beim Leadership Check die aktive Mitverantwortung der Feedbackgeber in Transformationsprojekte eingefordert. So wird ein Leadership Check zu einer wirkungsvollen Team- und Organisationsentwicklungs-Massnahme.<\/p>\n\n<p>Wirkungsvolle F\u00fchrung entsteht dort, wo F\u00fchrungskr\u00e4fte ihre Rolle aktiv ausf\u00fcllen und unternehmerischen Mehrwert f\u00fcr die Unternehmung schaffen. Mit einem Leadership Check k\u00f6nnen F\u00fchrungskr\u00e4fte auf ihren wirklichen St\u00e4rken aufbauen und ihre Wirksamkeit erh\u00f6hen.<\/p>\n\n<p>Falls Du wissen willst, was ein Leadership Check f\u00fcr Dich und Dein Umfeld bedeuten kann, nimm mit uns Kontakt auf.<\/p>\n\n<p><a href=\"https:\/\/www.promovetm.com\/en\/kontakt\/\" target=\"_blank\" rel=\"noreferrer noopener\">Contact us<\/a><\/p>\n","protected":false},"excerpt":{"rendered":"<p>Der Leadership Check ist ein individualisiertes 360\u00b0 Feedforward f\u00fcr F\u00fchrungskr\u00e4fte. Im Unterschied zum klassischen Feedback wird beim Leadership Check die aktive Mitverantwortung der Feedbackgeber in Transformationsprojekte eingefordert. So wird ein Leadership Check zu einer wirkungsvollen Team- und Organisationsentwicklungs-Massnahme. Wirkungsvolle F\u00fchrung entsteht dort, wo F\u00fchrungskr\u00e4fte ihre Rolle aktiv ausf\u00fcllen und unternehmerischen Mehrwert f\u00fcr die Unternehmung schaffen. [&hellip;]<\/p>\n","protected":false},"author":1,"featured_media":0,"parent":0,"menu_order":0,"comment_status":"closed","ping_status":"closed","template":"","meta":{"_acf_changed":false,"footnotes":""},"class_list":["post-500","page","type-page","status-publish","hentry"],"acf":[],"_links":{"self":[{"href":"https:\/\/societegenerale.promovetm.com\/en\/wp-json\/wp\/v2\/pages\/500","targetHints":{"allow":["GET"]}}],"collection":[{"href":"https:\/\/societegenerale.promovetm.com\/en\/wp-json\/wp\/v2\/pages"}],"about":[{"href":"https:\/\/societegenerale.promovetm.com\/en\/wp-json\/wp\/v2\/types\/page"}],"author":[{"embeddable":true,"href":"https:\/\/societegenerale.promovetm.com\/en\/wp-json\/wp\/v2\/users\/1"}],"replies":[{"embeddable":true,"href":"https:\/\/societegenerale.promovetm.com\/en\/wp-json\/wp\/v2\/comments?post=500"}],"version-history":[{"count":2,"href":"https:\/\/societegenerale.promovetm.com\/en\/wp-json\/wp\/v2\/pages\/500\/revisions"}],"predecessor-version":[{"id":520,"href":"https:\/\/societegenerale.promovetm.com\/en\/wp-json\/wp\/v2\/pages\/500\/revisions\/520"}],"wp:attachment":[{"href":"https:\/\/societegenerale.promovetm.com\/en\/wp-json\/wp\/v2\/media?parent=500"}],"curies":[{"name":"wp","href":"https:\/\/api.w.org\/{rel}","templated":true}]}}