{"id":508,"date":"2024-01-06T16:13:43","date_gmt":"2024-01-06T15:13:43","guid":{"rendered":"https:\/\/societegenerale.promovetm.com\/?page_id=508"},"modified":"2024-01-06T16:14:46","modified_gmt":"2024-01-06T15:14:46","slug":"disg-test-de-personnalite","status":"publish","type":"page","link":"https:\/\/societegenerale.promovetm.com\/fr\/disg-test-de-personnalite\/","title":{"rendered":"DISG-Test de personnalit\u00e9"},"content":{"rendered":"\n<p>Le test de personnalit\u00e9 DiSG\u00ae est une description permettant de conna\u00eetre son propre comportement et de comprendre les diff\u00e9rentes expressions et tendances comportementales de ses coll\u00e8gues et clients. Un questionnaire en ligne permet d&rsquo;associer sa personnalit\u00e9 \u00e0 son style ou \u00e0 ses priorit\u00e9s.<\/p>\n\n\n\n<p>Le r\u00e9sultat est ensuite \u00e9valu\u00e9 avec toi par un coach certifi\u00e9.<\/p>\n\n\n\n<p>Si tu es int\u00e9ress\u00e9(e) par un test de personnalit\u00e9 DiSG\u00ae, prends contact avec nous.<\/p>\n\n\n\n<p><a href=\"https:\/\/www.promovetm.com\/fr\/contact\/\" target=\"_blank\" rel=\"noreferrer noopener\">Prendre contact\u00a0<\/a><\/p>\n","protected":false},"excerpt":{"rendered":"<p>Le test de personnalit\u00e9 DiSG\u00ae est une description permettant de conna\u00eetre son propre comportement et de comprendre les diff\u00e9rentes expressions et tendances comportementales de ses coll\u00e8gues et clients. Un questionnaire en ligne permet d&rsquo;associer sa personnalit\u00e9 \u00e0 son style ou \u00e0 ses priorit\u00e9s. Le r\u00e9sultat est ensuite \u00e9valu\u00e9 avec toi par un coach certifi\u00e9. Si [&hellip;]<\/p>\n","protected":false},"author":1,"featured_media":0,"parent":0,"menu_order":0,"comment_status":"closed","ping_status":"closed","template":"","meta":{"_acf_changed":false,"footnotes":""},"class_list":["post-508","page","type-page","status-publish","hentry"],"acf":[],"_links":{"self":[{"href":"https:\/\/societegenerale.promovetm.com\/fr\/wp-json\/wp\/v2\/pages\/508","targetHints":{"allow":["GET"]}}],"collection":[{"href":"https:\/\/societegenerale.promovetm.com\/fr\/wp-json\/wp\/v2\/pages"}],"about":[{"href":"https:\/\/societegenerale.promovetm.com\/fr\/wp-json\/wp\/v2\/types\/page"}],"author":[{"embeddable":true,"href":"https:\/\/societegenerale.promovetm.com\/fr\/wp-json\/wp\/v2\/users\/1"}],"replies":[{"embeddable":true,"href":"https:\/\/societegenerale.promovetm.com\/fr\/wp-json\/wp\/v2\/comments?post=508"}],"version-history":[{"count":1,"href":"https:\/\/societegenerale.promovetm.com\/fr\/wp-json\/wp\/v2\/pages\/508\/revisions"}],"predecessor-version":[{"id":509,"href":"https:\/\/societegenerale.promovetm.com\/fr\/wp-json\/wp\/v2\/pages\/508\/revisions\/509"}],"wp:attachment":[{"href":"https:\/\/societegenerale.promovetm.com\/fr\/wp-json\/wp\/v2\/media?parent=508"}],"curies":[{"name":"wp","href":"https:\/\/api.w.org\/{rel}","templated":true}]}}